{"id":47,"date":"2021-06-08T22:09:18","date_gmt":"2021-06-08T20:09:18","guid":{"rendered":"https:\/\/imprimatur.zrc-sazu.si\/?page_id=47"},"modified":"2023-07-18T14:55:09","modified_gmt":"2023-07-18T12:55:09","slug":"publications","status":"publish","type":"page","link":"https:\/\/imprimatur.zrc-sazu.si\/en\/publications\/","title":{"rendered":"Publications"},"content":{"rendered":"\n<p><strong>I. Thematic issues and monographs<\/strong><\/p>\n\n\n\n<p><strong><em><a href=\"https:\/\/imprimatur.zrc-sazu.si\/wp-content\/uploads\/2022\/12\/SlavicaTer_26-2021-1_web_PC.pdf\">Habsburg Censorship and Literature in the Slovenian Lands<\/a><\/em>. <\/strong>Ed. by Marijan Dovi\u0107 and Luka Vidmar. <em>Slavica Tergestina<\/em> 16 (2021\/1, thematic issue in English).<\/p>\n\n\n\n<p>Marijan Dovi\u0107, Luka Vidmar: Foreword<br>Marijan Dovi\u0107, Luka Vidmar: Habsburg Censorship and Literature in the Slovenian Lands<br>Norbert Bachleitner: From Paternalism to Authoritarianism: Censorship in the Habsburg Monarchy (1750\u20131848)<br>Nina Ditmajer: Banned Books in the Libraries of the Styrian Monasteries in the Early Modern Period<br>Monika De\u017eelak Trojar: Sch\u00f6nleben\u2019s Prohibited Mariological Works<br>Luka Vidmar: Secularization of Book Censorship under Maria Theresa: Between Catholic Tradition and Moderate Enlightenment<br>Andrej Pastar: Censorship in Carniola under Joseph II<br>Matija Ogrin: Slovenian Manuscripts of the Late Baroque: Literary Tradition Defying the Enlightenment Censorship<br>Sonja Svolj\u0161ak: Banned French, English, and American Authors, and Their Works in the Ljubljana Lyceum Library up to 1848<br>Marko Juvan: Censorship and the Literary Field: Kopitar, \u010cop, and Kranjska \u010dbelica<br>Marijan Dovi\u0107: Slovenian Literature and Imperial Censorship after 1848<br>Ur\u0161ka Pereni\u010d: Literary Censorship and the Dramatic Society in Ljubljana (1891\u20131904)<\/p>\n\n\n\n<p><br><strong><em><a href=\"https:\/\/omp.zrc-sazu.si\/zalozba\/catalog\/book\/2069\" data-type=\"URL\" data-id=\"https:\/\/omp.zrc-sazu.si\/zalozba\/catalog\/book\/2069\">Slovenski literati in cesarska cenzura v dolgem 19. stoletju<\/a><\/em>. <\/strong>Ed. by Marijan Dovi\u0107. Ljubljana: Zalo\u017eba ZRC, 2023. (Studia litteraria 29.)<\/p>\n\n\n\n<p>Marijan Dovi\u0107: Slovenski literati in cesarska cenzura v dolgem 19. stoletju: uvod<\/p>\n\n\n\n<p><em>I. 1789\u20131848: Cenzura od francoske do mar\u010dne revolucije<\/em><br>Monika De\u017eelak Trojar: Linhartovo soo\u010danje s cenzuro na dramskem in zgodovinopisnem podro\u010dju<br>Luka Vidmar: Zois in cenzura<br>Matija Ogrin: Rokopisne objave prepovedanih besedil: primer slovenskih rokopisov o Antikristu<br>Fran\u00e7ois Bouchard: Predhodna cenzura v Ilirskih provincah: Marmontova uprava<br>Eva Kodri\u010d-Da\u010di\u0107: Prepovedane knjige v ljubljanski Licejski knji\u017enici<br>Andrejka \u017dejn: V kali zatrti slovenski \u010dasopis: primer cenzure <em>Slavinje<\/em><br>Marko Juvan: Ironija in sentiment na literarnem polju: Pre\u0161ernovi soneti in slovenska abecedno-cenzurna vojna<br>Andrej Pastar:<em>Carniolia<\/em>, Leopold Korde\u0161 in nem\u0161ko \u010dasopisje na Kranjskem v prvi polovici 19. stoletja<br>Marijan Dovi\u0107: Predmar\u010dna cenzura na Kranjskem in rojstvo<em> Novic<\/em><br>Nina Ditmajer: Cenzura Kremplovih <em>Dogodiv\u0161in \u0161tajerske zemle<\/em> v Gradcu in Zagrebu<\/p>\n\n\n\n<p><em>II. 1848\u20131918: Cenzura od mar\u010dne revolucije do v\u00e9like vojne<\/em><br>Sonja Svolj\u0161ak: Mar\u010dna revolucija in \u00bbsvoboda tiska\u00ab: odmevi in odzivi na Kranjskem (marec\u2013maj 1848)<br>Ivan Kordi\u0161: Dogodbe ob izdaji Kozlerjevega <em>Zemljovida slovenske de\u017eele in pokrajin<\/em><br>Teodor Domej: Kratko \u017eivljenje in konec \u010dasopisov <em>Stimmen aus Inner\u00f6sterreich<\/em> in <em>Slovenec<\/em><br>Tanja \u017digon:Tiskovne pravde na Kranjskem v \u0161estdesetih letih 19. stoletja<br>Damir Globo\u010dnik: <em>Brencelj <\/em>in <em>Jurij s pu\u0161o<\/em>: prva slovenska satiri\u010dna lista pred porotnim sodi\u0161\u010dem<br>Katja Mihurko Poni\u017e: \u00bbNemoralno samo po sebi\u00ab: gledali\u0161ka cenzura in vzgoja nravi v dolgem 19. stoletju<br>Tone Smolej: \u00bbPredstava dovoljuje se izpu\u0161tiv\u0161i rde\u010de ozna\u010dena mesta\u00ab: gledali\u0161ka cenzura tujega repertoarja v Ljubljani (1898\u20131912)<br>Jernej Habjan: Med erotiko 19. stoletja in hlapci 20. stoletja: cenzura Cankarja<br>Andra\u017e Je\u017e: Cankar in zatiranje socialisti\u010dnega tiska v obdobju Avstro-Ogrske<br>Petra Svolj\u0161ak: Avstrijska cenzura med prvo svetovno vojno: iz defenzive v ofenzivo<\/p>\n\n\n\n<p><strong>Thematic section on Habsburg cenosrship in <em><a href=\"https:\/\/www.springer.com\/journal\/11059\" data-type=\"URL\" data-id=\"https:\/\/www.springer.com\/journal\/11059\">Neohelicon<\/a><\/em>. (In preparation.)<\/strong><\/p>\n\n\n\n<p><strong><em><a href=\"https:\/\/omp.zrc-sazu.si\/zalozba\/catalog\/book\/2070\" data-type=\"URL\" data-id=\"https:\/\/omp.zrc-sazu.si\/zalozba\/catalog\/book\/2070\">Slovenci in cesarska cenzura od Jo\u017eefa II. do prve svetovne vojne \/ Slovenians and imperial censorship from Joseph II to the First World War<\/a>.<\/em> <\/strong>(Katalog razstave v Narodni in univerzitetni knji\u017enici \/ Catalogue of the exhibition in the National and University Library). Ljubljana: NUK \/ ZRC SAZU, 2023.<br><\/p>\n\n\n\n<p><strong>II. Articles and monograph chapters<\/strong><\/p>\n\n\n\n<p> Dovi\u0107, Marijan, 2023. <a href=\"https:\/\/ojs-gr.zrc-sazu.si\/primerjalna_knjizevnost\/article\/view\/8295\">Gore\u010da Erotika in Cankarjeva revolucija v slovenskem pesni\u0161tvu<\/a>. <em>Primerjalna knji\u017eevnost<\/em> 46\/1: 195\u2013217. ISSN 0351-1189.  DOI: 10.3986\/pkn.v46.i1.11.<\/p>\n\n\n\n<p>Dovi\u0107, Marijan, 2022. <a href=\"https:\/\/srl.si\/ojs\/srl\/article\/view\/4039\" data-type=\"URL\" data-id=\"https:\/\/srl.si\/ojs\/srl\/article\/view\/4039\">Bukovniki, cenzura in Drabosnjak, &#8216;poredni paur&#8217; iz Korotana<\/a>. <em>Slavisti\u010dna revija<\/em> 70\/3: 373\u2013388. DOI: 10.57589\/srl.v70i3.4039.<\/p>\n\n\n\n<p> Dovi\u0107, Marijan, 2022. \u017dakljevo izvirno pesni\u0161tvo, Bleiweisove Novice in vpra\u0161anje (samo)cenzure. <em><a href=\"https:\/\/plus.cobiss.net\/cobiss\/adz\/sl\/bib\/113189891\" data-type=\"URL\" data-id=\"https:\/\/plus.cobiss.net\/cobiss\/adz\/sl\/bib\/113189891\">Anton \u017dakelj-Rodoljub Ledinski in njegov \u010das<\/a><\/em>. Ed. by Marija Stanonik. Ljubljana: Slovenska akademija znanosti in umetnosti. 126\u2013141.<\/p>\n\n\n\n<p>Ogrin, Matija, 2021. Slovenian Manuscripts on Antichrist and the Modes of the Manuscript Tradition. Maria Cioat\u0103 et al (eds.): <em><a href=\"https:\/\/www.ceeol.com\/search\/article-detail?id=1058676\" data-type=\"URL\" data-id=\"https:\/\/www.ceeol.com\/search\/article-detail?id=1058676\">Biblical Apocrypha in South-Eastern Europe and Related Areas<\/a><\/em>. Br\u01ceila: Editura Istros a Muzeului Br\u01ceilei \u00bbCarol I\u00ab. 261\u2013275.<\/p>\n\n\n\n<p><\/p>\n","protected":false},"excerpt":{"rendered":"<p>I. Thematic issues and monographs Habsburg Censorship and Literature in the Slovenian Lands. Ed. by Marijan Dovi\u0107 and Luka Vidmar. Slavica Tergestina 16 (2021\/1, thematic issue in English). Marijan Dovi\u0107, Luka Vidmar: ForewordMarijan Dovi\u0107, Luka Vidmar: Habsburg Censorship and Literature in the Slovenian LandsNorbert Bachleitner: From Paternalism to Authoritarianism: Censorship in the Habsburg Monarchy (1750\u20131848)Nina&hellip;&nbsp;<a href=\"https:\/\/imprimatur.zrc-sazu.si\/en\/publications\/\" rel=\"bookmark\">Read More &raquo;<span class=\"screen-reader-text\">Publications<\/span><\/a><\/p>\n","protected":false},"author":1,"featured_media":0,"parent":0,"menu_order":0,"comment_status":"closed","ping_status":"closed","template":"","meta":{"neve_meta_sidebar":"default","neve_meta_container":"","neve_meta_enable_content_width":"off","neve_meta_content_width":100,"neve_meta_title_alignment":"","neve_meta_author_avatar":"","neve_post_elements_order":"","neve_meta_disable_header":"","neve_meta_disable_footer":"","neve_meta_disable_title":"","footnotes":""},"class_list":["post-47","page","type-page","status-publish","hentry"],"_links":{"self":[{"href":"https:\/\/imprimatur.zrc-sazu.si\/en\/wp-json\/wp\/v2\/pages\/47","targetHints":{"allow":["GET"]}}],"collection":[{"href":"https:\/\/imprimatur.zrc-sazu.si\/en\/wp-json\/wp\/v2\/pages"}],"about":[{"href":"https:\/\/imprimatur.zrc-sazu.si\/en\/wp-json\/wp\/v2\/types\/page"}],"author":[{"embeddable":true,"href":"https:\/\/imprimatur.zrc-sazu.si\/en\/wp-json\/wp\/v2\/users\/1"}],"replies":[{"embeddable":true,"href":"https:\/\/imprimatur.zrc-sazu.si\/en\/wp-json\/wp\/v2\/comments?post=47"}],"version-history":[{"count":10,"href":"https:\/\/imprimatur.zrc-sazu.si\/en\/wp-json\/wp\/v2\/pages\/47\/revisions"}],"predecessor-version":[{"id":418,"href":"https:\/\/imprimatur.zrc-sazu.si\/en\/wp-json\/wp\/v2\/pages\/47\/revisions\/418"}],"wp:attachment":[{"href":"https:\/\/imprimatur.zrc-sazu.si\/en\/wp-json\/wp\/v2\/media?parent=47"}],"curies":[{"name":"wp","href":"https:\/\/api.w.org\/{rel}","templated":true}]}}