{"id":51,"date":"2021-06-08T22:10:40","date_gmt":"2021-06-08T20:10:40","guid":{"rendered":"https:\/\/imprimatur.zrc-sazu.si\/?page_id=51"},"modified":"2023-07-18T11:54:27","modified_gmt":"2023-07-18T09:54:27","slug":"exhibition","status":"publish","type":"page","link":"https:\/\/imprimatur.zrc-sazu.si\/en\/exhibition\/","title":{"rendered":"Exhibition"},"content":{"rendered":"\n<p>Exhibition <strong>Slovenians and Imperial Censorship from Joseph II to the First World War<\/strong> in the National and University Library (25 May \u2013 25 November 2023)<\/p>\n\n\n\n<p>Download the <a href=\"https:\/\/imprimatur.zrc-sazu.si\/wp-content\/uploads\/2023\/07\/ZRC-Cenzura-katalog_PDF-za-splet.pdf\" data-type=\"URL\" data-id=\"https:\/\/imprimatur.zrc-sazu.si\/wp-content\/uploads\/2023\/07\/ZRC-Cenzura-katalog_PDF-za-splet.pdf\">exhibition catalogue<\/a> (PDF)<br>Download the <a href=\"https:\/\/imprimatur.zrc-sazu.si\/wp-content\/uploads\/2023\/07\/Slavinja-1825_Zamisljena-izdaja_PDF-za-splet.pdf\" data-type=\"URL\" data-id=\"https:\/\/imprimatur.zrc-sazu.si\/wp-content\/uploads\/2023\/07\/Slavinja-1825_Zamisljena-izdaja_PDF-za-splet.pdf\">imagined edition of Slavinja<\/a> (PDF)<\/p>\n\n\n\n<figure class=\"wp-block-image size-large is-resized\"><img loading=\"lazy\" decoding=\"async\" src=\"https:\/\/imprimatur.zrc-sazu.si\/wp-content\/uploads\/2023\/07\/2023-05-Razstava-NUK-6-1024x683.jpg\" alt=\"\" class=\"wp-image-293\" width=\"819\" height=\"546\" srcset=\"https:\/\/imprimatur.zrc-sazu.si\/wp-content\/uploads\/2023\/07\/2023-05-Razstava-NUK-6-1024x683.jpg 1024w, https:\/\/imprimatur.zrc-sazu.si\/wp-content\/uploads\/2023\/07\/2023-05-Razstava-NUK-6-300x200.jpg 300w, https:\/\/imprimatur.zrc-sazu.si\/wp-content\/uploads\/2023\/07\/2023-05-Razstava-NUK-6-768x512.jpg 768w, https:\/\/imprimatur.zrc-sazu.si\/wp-content\/uploads\/2023\/07\/2023-05-Razstava-NUK-6-1536x1024.jpg 1536w, https:\/\/imprimatur.zrc-sazu.si\/wp-content\/uploads\/2023\/07\/2023-05-Razstava-NUK-6-2048x1365.jpg 2048w, https:\/\/imprimatur.zrc-sazu.si\/wp-content\/uploads\/2023\/07\/2023-05-Razstava-NUK-6-930x620.jpg 930w\" sizes=\"auto, (max-width: 819px) 100vw, 819px\" \/><\/figure>\n\n\n\n<p><br><strong>Exhibition Concep<\/strong>t<br>Marijan Dovi\u0107<\/p>\n\n\n\n<p><strong>Expert Assistant, National and University Library<\/strong><br>Marijan Rupert<\/p>\n\n\n\n<p><strong>Authors of the Texts<\/strong><br>Monika De\u017eelak Trojar, Marijan Dovi\u0107, Jernej Habjan, Marko Juvan, Matija Ogrin, Luka Vidmar,Andrejka \u017dejn (Znanstvenoraziskovalni center SAZU \/ Research Centre of the Slovenian Academy of Sciences and Arts), Andra\u017e Je\u017e, Tone Smolej, Tanja \u017digon (Filozofska fakulteta UL \/ Faculty of Arts, University of Ljubljana), Katja Mihurko Poni\u017e (Fakulteta za humanistiko UNG \/ School of Humanities, University of Nova Gorica), Marijan Rupert (NUK \/ National and University Library)<\/p>\n\n\n\n<p><strong>Imagined Edition of <em>Slavinja<\/em><\/strong><br>Andrejka \u017dejn<\/p>\n\n\n\n<p><strong>English translations<\/strong><br>Neville Hall<\/p>\n\n\n\n<p><strong>Exhibition Design<\/strong><br>Jurij Kocuvan<\/p>\n\n\n\n<p><strong>Illustrations<\/strong><br>National and University Library (NUK), Archive of the Republic of Slovenia, National Gallery of Slovenia, National Museum of Slovenia, Upper Carniola Museum, National Museum of Contemporary History, ZRC SAZU Institute of Slovenian Literature and Literary Studies, Maribor University Library, National Archives of Austria, Austrian National Library<\/p>\n\n\n\n<p><strong>Production and Promotion<\/strong><br>Department of Events and Public Relations, National and University Library<\/p>\n\n\n\n<p><strong>Preparation of the Material<\/strong><br>Department of Protection and Restoration, National and University Library<\/p>\n\n\n\n<p><strong>Technical Assistance<\/strong><br>Technical Maintenance and Investment Department, National and University Library<\/p>\n\n\n\n<figure class=\"wp-block-image size-large\"><img loading=\"lazy\" decoding=\"async\" width=\"1024\" height=\"673\" src=\"https:\/\/imprimatur.zrc-sazu.si\/wp-content\/uploads\/2023\/07\/2023-05-Razstava-NUK-22-1024x673.jpg\" alt=\"\" class=\"wp-image-325\" srcset=\"https:\/\/imprimatur.zrc-sazu.si\/wp-content\/uploads\/2023\/07\/2023-05-Razstava-NUK-22-1024x673.jpg 1024w, https:\/\/imprimatur.zrc-sazu.si\/wp-content\/uploads\/2023\/07\/2023-05-Razstava-NUK-22-300x197.jpg 300w, https:\/\/imprimatur.zrc-sazu.si\/wp-content\/uploads\/2023\/07\/2023-05-Razstava-NUK-22-768x505.jpg 768w, https:\/\/imprimatur.zrc-sazu.si\/wp-content\/uploads\/2023\/07\/2023-05-Razstava-NUK-22-1536x1009.jpg 1536w, https:\/\/imprimatur.zrc-sazu.si\/wp-content\/uploads\/2023\/07\/2023-05-Razstava-NUK-22-2048x1345.jpg 2048w\" sizes=\"auto, (max-width: 1024px) 100vw, 1024px\" \/><\/figure>\n\n\n\n<p><br><strong>About the exhibition<\/strong><\/p>\n\n\n\n<p>Censorship is an inexhaustible and eternally relevant topic. Perhaps because it is the twin of communication, as Jonathon Green, the author of an extensive encyclopaedia of censorship, believes, or a junction where knowledge and power intersect, as Sue Curry Jansen points out in the title of her resounding book on censorship. To this we could add that censorship always appears paired with dominion. It is the governing authorities that have the power to silence and sanction those who think and write differently, and real censorship is only that which can have a serious effect on an individual or his or her work. Forms of censorship change significantly over time; its laws are different in the era of manuscripts, in the epoch of the printed book and especially in the digital age. Slovenians became well acquainted with censorship within the framework of the Habsburg Monarchy: more than three centuries passed from the publication of the first Slovenian books to the end of the First World War, and the landscape of the printed word in the Slovenian lands was dominated by imperial censorship in one form or another throughout this time. Censorship initially focused on religious issues, but with the French Revolution, politics gained a more prominent place on the agenda. Alongside religion and politics, a third great topic had a constant presence: morality. Over the centuries, our ancestors experienced the power of indexes of banned books and tested various censorship regimes; omnipresent, albeit often hidden, censorship fundamentally marked the intellectual and literary life of the past.<\/p>\n\n\n\n<p>In the history of encounters between Slovenians and censorship, the period between the reign of Joseph II and the First World War, which brought about the end of the monarchy, was one of the most interesting and dynamic eras. During this period, which is almost symmetrically divided into two parts by the 1848 revolution, Slovenian secular literature was formed from the anthology <em>Pisanice<\/em> onwards, the first newspapers in Slovenian emerged, the national movement was established and strengthened, and international frictions intensified with the growing political differentiation. Imperial censorship had a significant role in the shaping of all of these processes: until 1848, in the form of the dominant <em>pre-censorship<\/em>, which was instrumentalised by the police-censorship network of the notorious Vorm\u00e4rz duo Metternich-Sedlnitzky; after the March Revolution, which for a brief but unforgettable moment widely opened the door to freedom of thought and expression, the dominant form was <em>post-censorship<\/em>, which mercilessly reined in problematic authors with the help of the judicial apparatus.<\/p>\n\n\n\n<figure class=\"wp-block-image size-large\"><img loading=\"lazy\" decoding=\"async\" width=\"1024\" height=\"768\" src=\"https:\/\/imprimatur.zrc-sazu.si\/wp-content\/uploads\/2023\/07\/2023-05-Razstava-NUK-17-1024x768.jpg\" alt=\"\" class=\"wp-image-315\" srcset=\"https:\/\/imprimatur.zrc-sazu.si\/wp-content\/uploads\/2023\/07\/2023-05-Razstava-NUK-17-1024x768.jpg 1024w, https:\/\/imprimatur.zrc-sazu.si\/wp-content\/uploads\/2023\/07\/2023-05-Razstava-NUK-17-300x225.jpg 300w, https:\/\/imprimatur.zrc-sazu.si\/wp-content\/uploads\/2023\/07\/2023-05-Razstava-NUK-17-768x576.jpg 768w, https:\/\/imprimatur.zrc-sazu.si\/wp-content\/uploads\/2023\/07\/2023-05-Razstava-NUK-17-1536x1152.jpg 1536w, https:\/\/imprimatur.zrc-sazu.si\/wp-content\/uploads\/2023\/07\/2023-05-Razstava-NUK-17-2048x1536.jpg 2048w\" sizes=\"auto, (max-width: 1024px) 100vw, 1024px\" \/><\/figure>\n\n\n\n<p><br>If one were to select representative (visual) images of clashes with censorship in the Slovenian lands, one of the first choices for the Vorm\u00e4rz period would be the first page of <em>Zdravljica<\/em> from the censored manuscript <em>Poezije<\/em> by France Pre\u0161eren, a poet who openly entered the fray with both local and Viennese censors. Repressive censorship in the second half of the century, however, is perhaps best illustrated by the photograph of Miroslav Vilhar, a writer and editor who spent six weeks in the \u017dabjak prison in Ljubljana in 1864, where he staged an unforgettable photo shoot behind bars. These may be the two emblematic figures of this long period, but there are at least four watershed figures, and it is by no means a coincidence that they are the leading Slovenian writers: Anton Toma\u017e Linhart, France Pre\u0161eren, Fran Levstik, and Ivan Cankar. These four great stories, which could frame the narrative on censorship during this period, are rounded off by a colourful collection of smaller but not necessarily less important stories: there is practically no important Slovenian literary figure in the nineteenth century who did not collide with censorship in one way or another.<\/p>\n\n\n\n<p>We have manuscripts with red lines, crossed out passages and censorship notes, as well as incriminated articles and court files \u2013 the Austrian bureaucracy was exemplary. With this material, we can convincingly and chronologically tell the story of Slovenian authors\u2019 encounters with censorship. However, censorship also has other, more hidden consequences: texts that, due to self-censorship, are not written at all, are written differently, lie in a drawer or end up in the fireplace, and magazines that were never carefully scrutinised by the censor because they were not even given permission to publish. Why, one wonders, is the literary and journalistic harvest in the Vorm\u00e4rz era so modest? How can an exhibition display that which does not exist, but probably would have existed had there been no censorship? We attempt to at least indicate the problem of the invisible effects of censorship to some extent with a special supplement: a (delayed) test edition of <em>Slavinja<\/em>, a newspaper that was not allowed to be published in the Vorm\u00e4rz era.<\/p>\n\n\n\n<figure class=\"wp-block-image size-large\"><img loading=\"lazy\" decoding=\"async\" width=\"1024\" height=\"683\" src=\"https:\/\/imprimatur.zrc-sazu.si\/wp-content\/uploads\/2023\/07\/2023-05-Razstava-NUK-10-1024x683.jpg\" alt=\"\" class=\"wp-image-301\" srcset=\"https:\/\/imprimatur.zrc-sazu.si\/wp-content\/uploads\/2023\/07\/2023-05-Razstava-NUK-10-1024x683.jpg 1024w, https:\/\/imprimatur.zrc-sazu.si\/wp-content\/uploads\/2023\/07\/2023-05-Razstava-NUK-10-300x200.jpg 300w, https:\/\/imprimatur.zrc-sazu.si\/wp-content\/uploads\/2023\/07\/2023-05-Razstava-NUK-10-768x512.jpg 768w, https:\/\/imprimatur.zrc-sazu.si\/wp-content\/uploads\/2023\/07\/2023-05-Razstava-NUK-10-1536x1024.jpg 1536w, https:\/\/imprimatur.zrc-sazu.si\/wp-content\/uploads\/2023\/07\/2023-05-Razstava-NUK-10-2048x1365.jpg 2048w, https:\/\/imprimatur.zrc-sazu.si\/wp-content\/uploads\/2023\/07\/2023-05-Razstava-NUK-10-930x620.jpg 930w\" sizes=\"auto, (max-width: 1024px) 100vw, 1024px\" \/><\/figure>\n\n\n\n<p><br><br>The exhibition <em>Slovenians and Imperial Censorship from Joseph II to the First World War<\/em> with the accompanying catalogue was created within the framework of the research project <em>Slovenian Writers and Imperial Censorship in the Long Nineteenth Century<\/em> (J6-2583). It was carefully designed to present a complex set of the treated problems in an accessible, non-technical way while at the same time clearly demonstrating what an important, even decisive, role censorship had in the long nineteenth century in shaping the image of Slovenian literature and culture. If the exhibition and the catalogue are able convey this message, their purpose has been achieved.<br>The exhibition <em>Slovenians and Imperial Censorship from Joseph II to the First World War<\/em> with the accompanying catalogue was created within the framework of the research project <em>Slovenian Writers and Imperial Censorship in the Long Nineteenth Century<\/em> (J6-2583). It was carefully designed to present a complex set of the treated problems in an accessible, non-technical way while at the same time clearly demonstrating what an important, even decisive, role censorship had in the long nineteenth century in shaping the image of Slovenian literature and culture. If the exhibition and the catalogue are able convey this message, their purpose has been achieved.<br>The exhibition <em>Slovenians and Imperial Censorship from Joseph II to the First World War<\/em> with the accompanying catalogue was created within the framework of the research project <em>Slovenian Writers and Imperial Censorship in the Long Nineteenth Century<\/em> (J6-2583). It was carefully designed to present a complex set of the treated problems in an accessible, non-technical way while at the same time clearly demonstrating what an important, even decisive, role censorship had in the long nineteenth century in shaping the image of Slovenian literature and culture. If the exhibition and the catalogue are able convey this message, their purpose has been achieved.<br>The exhibition <em>Slovenians and Imperial Censorship from Joseph II to the First World War<\/em> with the accompanying catalogue was created within the framework of the research project <em>Slovenian Writers and Imperial Censorship in the Long Nineteenth Century<\/em> (J6-2583). It was carefully designed to present a complex set of the treated problems in an accessible, non-technical way while at the same time clearly demonstrating what an important, even decisive, role censorship had in the long nineteenth century in shaping the image of Slovenian literature and culture. If the exhibition and the catalogue are able convey this message, their purpose has been achieved.<\/p>\n\n\n\n<p>Marijan Dovi\u0107<\/p>\n\n\n\n<figure class=\"wp-block-gallery has-nested-images columns-default is-cropped wp-block-gallery-1 is-layout-flex wp-block-gallery-is-layout-flex\">\n<figure class=\"wp-block-image size-large\"><img loading=\"lazy\" decoding=\"async\" width=\"900\" height=\"620\" data-id=\"101\" src=\"https:\/\/imprimatur.zrc-sazu.si\/wp-content\/uploads\/2021\/06\/Slika-5.jpg\" alt=\"\" class=\"wp-image-101\" srcset=\"https:\/\/imprimatur.zrc-sazu.si\/wp-content\/uploads\/2021\/06\/Slika-5.jpg 900w, https:\/\/imprimatur.zrc-sazu.si\/wp-content\/uploads\/2021\/06\/Slika-5-300x207.jpg 300w, https:\/\/imprimatur.zrc-sazu.si\/wp-content\/uploads\/2021\/06\/Slika-5-768x529.jpg 768w\" sizes=\"auto, (max-width: 900px) 100vw, 900px\" \/><figcaption class=\"wp-element-caption\">White flag with the inscription \u201cPre\u00dffreiheit 1780\u201d under the monument of Joseph II. in Vienna during the March Revolution of 1848.<\/figcaption><\/figure>\n\n\n\n<figure class=\"wp-block-image size-large\"><img loading=\"lazy\" decoding=\"async\" width=\"600\" height=\"878\" data-id=\"103\" src=\"https:\/\/imprimatur.zrc-sazu.si\/wp-content\/uploads\/2021\/06\/Slika-6.jpg\" alt=\"\" class=\"wp-image-103\" srcset=\"https:\/\/imprimatur.zrc-sazu.si\/wp-content\/uploads\/2021\/06\/Slika-6.jpg 600w, https:\/\/imprimatur.zrc-sazu.si\/wp-content\/uploads\/2021\/06\/Slika-6-205x300.jpg 205w\" sizes=\"auto, (max-width: 600px) 100vw, 600px\" \/><figcaption class=\"wp-element-caption\">Ferdinand Bognar, photograph of Miroslav Vilhar behind the bars at the \u017dabjak prison in Ljubljana, 1862.<\/figcaption><\/figure>\n\n\n\n<figure class=\"wp-block-image size-large\"><img loading=\"lazy\" decoding=\"async\" width=\"310\" height=\"501\" data-id=\"105\" src=\"https:\/\/imprimatur.zrc-sazu.si\/wp-content\/uploads\/2021\/06\/Slika-7.jpg\" alt=\"\" class=\"wp-image-105\" srcset=\"https:\/\/imprimatur.zrc-sazu.si\/wp-content\/uploads\/2021\/06\/Slika-7.jpg 310w, https:\/\/imprimatur.zrc-sazu.si\/wp-content\/uploads\/2021\/06\/Slika-7-186x300.jpg 186w\" sizes=\"auto, (max-width: 310px) 100vw, 310px\" \/><figcaption class=\"wp-element-caption\">The Cover of Ivan Cankar\u2019s poetry collection <em>Erotika <\/em>(1899), denounced by the Ljubljana bishop Anton Jegli\u010d.<\/figcaption><\/figure>\n<\/figure>\n","protected":false},"excerpt":{"rendered":"<p>Exhibition Slovenians and Imperial Censorship from Joseph II to the First World War in the National and University Library (25 May \u2013 25 November 2023) Download the exhibition catalogue (PDF)Download the imagined edition of Slavinja (PDF) Exhibition ConceptMarijan Dovi\u0107 Expert Assistant, National and University LibraryMarijan Rupert Authors of the TextsMonika De\u017eelak Trojar, Marijan Dovi\u0107, Jernej&hellip;&nbsp;<a href=\"https:\/\/imprimatur.zrc-sazu.si\/en\/exhibition\/\" rel=\"bookmark\">Read More &raquo;<span class=\"screen-reader-text\">Exhibition<\/span><\/a><\/p>\n","protected":false},"author":1,"featured_media":0,"parent":0,"menu_order":0,"comment_status":"closed","ping_status":"closed","template":"","meta":{"neve_meta_sidebar":"default","neve_meta_container":"","neve_meta_enable_content_width":"off","neve_meta_content_width":100,"neve_meta_title_alignment":"","neve_meta_author_avatar":"","neve_post_elements_order":"","neve_meta_disable_header":"","neve_meta_disable_footer":"","neve_meta_disable_title":"","footnotes":""},"class_list":["post-51","page","type-page","status-publish","hentry"],"_links":{"self":[{"href":"https:\/\/imprimatur.zrc-sazu.si\/en\/wp-json\/wp\/v2\/pages\/51","targetHints":{"allow":["GET"]}}],"collection":[{"href":"https:\/\/imprimatur.zrc-sazu.si\/en\/wp-json\/wp\/v2\/pages"}],"about":[{"href":"https:\/\/imprimatur.zrc-sazu.si\/en\/wp-json\/wp\/v2\/types\/page"}],"author":[{"embeddable":true,"href":"https:\/\/imprimatur.zrc-sazu.si\/en\/wp-json\/wp\/v2\/users\/1"}],"replies":[{"embeddable":true,"href":"https:\/\/imprimatur.zrc-sazu.si\/en\/wp-json\/wp\/v2\/comments?post=51"}],"version-history":[{"count":10,"href":"https:\/\/imprimatur.zrc-sazu.si\/en\/wp-json\/wp\/v2\/pages\/51\/revisions"}],"predecessor-version":[{"id":370,"href":"https:\/\/imprimatur.zrc-sazu.si\/en\/wp-json\/wp\/v2\/pages\/51\/revisions\/370"}],"wp:attachment":[{"href":"https:\/\/imprimatur.zrc-sazu.si\/en\/wp-json\/wp\/v2\/media?parent=51"}],"curies":[{"name":"wp","href":"https:\/\/api.w.org\/{rel}","templated":true}]}}